{"id":3214,"date":"2025-04-30T17:01:09","date_gmt":"2025-04-30T15:01:09","guid":{"rendered":"https:\/\/www.pierre-schon.lu\/netzlech-linken\/"},"modified":"2025-11-02T11:03:09","modified_gmt":"2025-11-02T10:03:09","slug":"netzlech-linken","status":"publish","type":"page","link":"https:\/\/www.pierre-schon.lu\/lu\/netzlech-linken\/","title":{"rendered":"N\u00ebtzlech Linken"},"content":{"rendered":"\n<p><a href=\"https:\/\/anlux.public.lu\/fr.html\">Archives Nationales de Luxembourg<\/a><br\/><a href=\"http:\/\/www.ons-jongen-a-meedercher.lu\/\">F\u00e9deration des enr\u00f4l\u00e9s de force<\/a> <br\/><a href=\"https:\/\/mnr.lu\/\">National Museum of the Resistance and Human Rights, Luxembourg<\/a><br\/><a href=\"https:\/\/www.uni.lu\/c2dh-en\/\">Luxembourg Centre For Contemporary and Digital History, University of Luxembourg<\/a><br\/><a href=\"https:\/\/www.memorialmuseums.org\/memorialmuseum\/deportationsdenkmal-und-museum-bahnhof-hollerich\">Museum-Memorial of Deportation. Hollerich, Luxembourg City\u200b\u200b  <\/a><br\/><a href=\"https:\/\/www.facebook.com\/LetzebuergerPatrioteLiga\/?locale=de_DE\">Amicale LPL<\/a><br\/><a href=\"https:\/\/www.vdl.lu\/en\/visiting\/art-and-culture\/cultural-institutions\/photography\/phototheque\">Photot\u00e9que of the City of Luxembourg<\/a><br\/><a href=\"ttps:\/\/www.visit-eislek.lu\/\" data-type=\"link\" data-id=\"ttps:\/\/www.visit-eislek.lu\/\">Visit Eislek<\/a> <br\/><a href=\"https:\/\/dp.la\/item\/1ce079d27187c13c3f9d811cbcc0ac3b\">Digital Public Library of America<\/a><br\/><a href=\"https:\/\/francearchives.gouv.fr\/service\/34567\">French Archives (Minist\u00e8re de l`Europe et des Affaires Etrang\u00e8res)<\/a><br\/><a href=\"https:\/\/museedelaresistancedebondues.fr\/le-musee\">Mus\u00e9e de la R\u00e9sistance, Bondues France<\/a><br\/><a href=\"https:\/\/www.arch.be\/index.php?l=en&amp;m=practical-information&amp;r=our-reading-rooms&amp;d=nab\">Staatsarchiv vu Belsch<\/a><br\/><a href=\"https:\/\/www.nationalarchives.gov.uk\/\">The National Archives UK<\/a><br\/><a href=\"https:\/\/www.linkedin.com\/in\/dr-hywel-maslen-83248521\/?originalSubdomain=uk\">Dr Hywel Maslen<\/a>, Erfueren onofh\u00e4ngege Archivfuerscher am UK, spezialis\u00e9iert op Geschicht, Medien a Ver\u00ebffentlechungen<\/p>\n\n<p>Webs\u00e4it-Entw\u00e9ckler <a href=\"https:\/\/www.manes.lu\/\">Laurent Manes Infotech Solutions<\/a><br\/><a href=\"https:\/\/www.linkedin.com\/in\/monica-ortega-29999a1\/?originalSubdomain=lu\" data-type=\"link\" data-id=\"https:\/\/www.linkedin.com\/in\/monica-ortega-29999a1\/?originalSubdomain=lu\">Monica Ortega<\/a>, erfueren onofh\u00e4ngege digitale Marketingexpertin<br\/> <\/p>\n\n<p><\/p>\n\n<p><\/p>\n","protected":false},"excerpt":{"rendered":"<p>Archives Nationales de LuxembourgF\u00e9deration des enr\u00f4l\u00e9s de force National Museum of the Resistance and Human Rights, LuxembourgLuxembourg Centre For Contemporary [&hellip;]<\/p>\n","protected":false},"author":1,"featured_media":0,"parent":0,"menu_order":0,"comment_status":"closed","ping_status":"closed","template":"","meta":{"site-sidebar-layout":"default","site-content-layout":"","ast-site-content-layout":"default","site-content-style":"default","site-sidebar-style":"default","ast-global-header-display":"","ast-banner-title-visibility":"","ast-main-header-display":"","ast-hfb-above-header-display":"","ast-hfb-below-header-display":"","ast-hfb-mobile-header-display":"","site-post-title":"","ast-breadcrumbs-content":"","ast-featured-img":"","footer-sml-layout":"","ast-disable-related-posts":"","theme-transparent-header-meta":"","adv-header-id-meta":"","stick-header-meta":"","header-above-stick-meta":"","header-main-stick-meta":"","header-below-stick-meta":"","astra-migrate-meta-layouts":"default","ast-page-background-enabled":"default","ast-page-background-meta":{"desktop":{"background-color":"var(--ast-global-color-5)","background-image":"","background-repeat":"repeat","background-position":"center center","background-size":"auto","background-attachment":"scroll","background-type":"","background-media":"","overlay-type":"","overlay-color":"","overlay-opacity":"","overlay-gradient":""},"tablet":{"background-color":"","background-image":"","background-repeat":"repeat","background-position":"center center","background-size":"auto","background-attachment":"scroll","background-type":"","background-media":"","overlay-type":"","overlay-color":"","overlay-opacity":"","overlay-gradient":""},"mobile":{"background-color":"","background-image":"","background-repeat":"repeat","background-position":"center center","background-size":"auto","background-attachment":"scroll","background-type":"","background-media":"","overlay-type":"","overlay-color":"","overlay-opacity":"","overlay-gradient":""}},"ast-content-background-meta":{"desktop":{"background-color":"var(--ast-global-color-4)","background-image":"","background-repeat":"repeat","background-position":"center center","background-size":"auto","background-attachment":"scroll","background-type":"","background-media":"","overlay-type":"","overlay-color":"","overlay-opacity":"","overlay-gradient":""},"tablet":{"background-color":"var(--ast-global-color-4)","background-image":"","background-repeat":"repeat","background-position":"center center","background-size":"auto","background-attachment":"scroll","background-type":"","background-media":"","overlay-type":"","overlay-color":"","overlay-opacity":"","overlay-gradient":""},"mobile":{"background-color":"var(--ast-global-color-4)","background-image":"","background-repeat":"repeat","background-position":"center center","background-size":"auto","background-attachment":"scroll","background-type":"","background-media":"","overlay-type":"","overlay-color":"","overlay-opacity":"","overlay-gradient":""}},"footnotes":""},"class_list":["post-3214","page","type-page","status-publish","hentry"],"_links":{"self":[{"href":"https:\/\/www.pierre-schon.lu\/lu\/wp-json\/wp\/v2\/pages\/3214","targetHints":{"allow":["GET"]}}],"collection":[{"href":"https:\/\/www.pierre-schon.lu\/lu\/wp-json\/wp\/v2\/pages"}],"about":[{"href":"https:\/\/www.pierre-schon.lu\/lu\/wp-json\/wp\/v2\/types\/page"}],"author":[{"embeddable":true,"href":"https:\/\/www.pierre-schon.lu\/lu\/wp-json\/wp\/v2\/users\/1"}],"replies":[{"embeddable":true,"href":"https:\/\/www.pierre-schon.lu\/lu\/wp-json\/wp\/v2\/comments?post=3214"}],"version-history":[{"count":12,"href":"https:\/\/www.pierre-schon.lu\/lu\/wp-json\/wp\/v2\/pages\/3214\/revisions"}],"predecessor-version":[{"id":4042,"href":"https:\/\/www.pierre-schon.lu\/lu\/wp-json\/wp\/v2\/pages\/3214\/revisions\/4042"}],"wp:attachment":[{"href":"https:\/\/www.pierre-schon.lu\/lu\/wp-json\/wp\/v2\/media?parent=3214"}],"curies":[{"name":"wp","href":"https:\/\/api.w.org\/{rel}","templated":true}]}}