{"id":3212,"date":"2025-04-11T14:55:45","date_gmt":"2025-04-11T12:55:45","guid":{"rendered":"https:\/\/www.pierre-schon.lu\/dateschutzpolitik\/"},"modified":"2025-09-21T16:36:51","modified_gmt":"2025-09-21T14:36:51","slug":"dateschutzpolitik","status":"publish","type":"page","link":"https:\/\/www.pierre-schon.lu\/lu\/dateschutzpolitik\/","title":{"rendered":"Dateschutzpolitik"},"content":{"rendered":"\n<h1 class=\"wp-block-heading has-vivid-cyan-blue-color has-text-color has-link-color has-large-font-size wp-elements-c4fd13890170cb58557fbf32676bf389\">Dateschutzpolitik<\/h1>\n\n<p>D\u00ebs Webs\u00e4it ass der Er\u00ebnnerung an dem Liewenswierk vum Pierre Schon souw\u00e9i der l\u00ebtzebuergescher a belscher Resistenz am Zweete Weltkrich gewidmet.<\/p>\n\n<p>Mir respekt\u00e9ieren \u00c4r Privatsph\u00e4r a si engag\u00e9iert, all pers\u00e9inlech Donn\u00e9e\u00ebn, d\u00e9i Dir mat eis deelt, ze sch\u00fctzen.<\/p>\n\n<h3 class=\"wp-block-heading has-vivid-cyan-blue-color has-text-color has-link-color has-medium-font-size wp-elements-d5cf7f6616a64a51e2fd895f751b8390\">1. Wien mir sinn?<\/h3>\n\n<p>Eis Webs\u00e4it-Adress ass: <a class=\"\" href=\"https:\/\/www.pierre-schon.lu\/lu\/\">https:\/\/www.pierre-schon.lu<\/a><br\/>D\u00ebs S\u00e4it g\u00ebtt privat verwalt an d\u00e9ngt ausschliisslech geschichtlechen an edukativen Zwecker.<\/p>\n\n<h3 class=\"wp-block-heading has-vivid-cyan-blue-color has-text-color has-link-color has-medium-font-size wp-elements-470c74f4386b0982ce0a33703b7402bd\"><strong>2. W\u00e9i eng pers\u00e9inlech Donn\u00e9e\u00eb sammele mir?<\/strong><\/h3>\n\n<p>Mir k\u00ebnne follgend Donn\u00e9e\u00eb sammelen a sp\u00e4icheren, wann Dir d\u00ebs S\u00e4it benotzt:<\/p>\n\n<ul class=\"wp-block-list\">\n<li>Numm a E-Mail-Adress (wann iwwer de Kontaktformular agereecht)<\/li>\n\n\n\n<li>IP-Adress a Browser-Informatiounen (automatesch iwwer Server-Logbicher gesammelt)<\/li>\n<\/ul>\n\n<p><strong>Mir deelen \u00c4r Donn\u00e9e\u00ebn net mat Dr\u00ebttpersoune.<\/strong><\/p>\n\n<h3 class=\"wp-block-heading has-vivid-cyan-blue-color has-text-color has-link-color has-medium-font-size wp-elements-1b1704402672e48576e88441aa5508ee\"><strong>3. Firwat mir se sammelen?<\/strong><\/h3>\n\n<ul class=\"wp-block-list\">\n<li>Fir op \u00c4r Ufro oder Bemierkungen ze \u00e4ntweren<\/li>\n\n\n\n<li>Fir d\u2019Webs\u00e4it ze verbesseren an d\u2019Interaktioun vun de Visiteuren ze verstoen<\/li>\n\n\n\n<li>Fir d&#8217;S\u00e9cherheet an d\u2019Fonctionalit\u00e9it vun der S\u00e4it<\/li>\n<\/ul>\n\n<h3 class=\"wp-block-heading has-vivid-cyan-blue-color has-text-color has-link-color has-medium-font-size wp-elements-5c3e42538a79cbd13b5998e217f8f0ae\">4. Cookies<\/h3>\n\n<p>D\u00ebs S\u00e4it kann einfach Cookies benotzen, fir \u00c4re Surferfarung ze verbesseren. Dir k\u00ebnnt d\u2019Cookies an de Browser-Astellungen desaktiv\u00e9ieren. <\/p>\n\n<p><\/p>\n","protected":false},"excerpt":{"rendered":"<p>Dateschutzpolitik D\u00ebs Webs\u00e4it ass der Er\u00ebnnerung an dem Liewenswierk vum Pierre Schon souw\u00e9i der l\u00ebtzebuergescher a belscher Resistenz am Zweete [&hellip;]<\/p>\n","protected":false},"author":1,"featured_media":0,"parent":0,"menu_order":0,"comment_status":"closed","ping_status":"closed","template":"","meta":{"site-sidebar-layout":"default","site-content-layout":"","ast-site-content-layout":"","site-content-style":"default","site-sidebar-style":"default","ast-global-header-display":"","ast-banner-title-visibility":"","ast-main-header-display":"","ast-hfb-above-header-display":"","ast-hfb-below-header-display":"","ast-hfb-mobile-header-display":"","site-post-title":"disabled","ast-breadcrumbs-content":"","ast-featured-img":"","footer-sml-layout":"","ast-disable-related-posts":"","theme-transparent-header-meta":"","adv-header-id-meta":"","stick-header-meta":"","header-above-stick-meta":"","header-main-stick-meta":"","header-below-stick-meta":"","astra-migrate-meta-layouts":"default","ast-page-background-enabled":"default","ast-page-background-meta":{"desktop":{"background-color":"var(--ast-global-color-5)","background-image":"","background-repeat":"repeat","background-position":"center center","background-size":"auto","background-attachment":"scroll","background-type":"","background-media":"","overlay-type":"","overlay-color":"","overlay-opacity":"","overlay-gradient":""},"tablet":{"background-color":"","background-image":"","background-repeat":"repeat","background-position":"center center","background-size":"auto","background-attachment":"scroll","background-type":"","background-media":"","overlay-type":"","overlay-color":"","overlay-opacity":"","overlay-gradient":""},"mobile":{"background-color":"","background-image":"","background-repeat":"repeat","background-position":"center center","background-size":"auto","background-attachment":"scroll","background-type":"","background-media":"","overlay-type":"","overlay-color":"","overlay-opacity":"","overlay-gradient":""}},"ast-content-background-meta":{"desktop":{"background-color":"var(--ast-global-color-4)","background-image":"","background-repeat":"repeat","background-position":"center center","background-size":"auto","background-attachment":"scroll","background-type":"","background-media":"","overlay-type":"","overlay-color":"","overlay-opacity":"","overlay-gradient":""},"tablet":{"background-color":"var(--ast-global-color-4)","background-image":"","background-repeat":"repeat","background-position":"center center","background-size":"auto","background-attachment":"scroll","background-type":"","background-media":"","overlay-type":"","overlay-color":"","overlay-opacity":"","overlay-gradient":""},"mobile":{"background-color":"var(--ast-global-color-4)","background-image":"","background-repeat":"repeat","background-position":"center center","background-size":"auto","background-attachment":"scroll","background-type":"","background-media":"","overlay-type":"","overlay-color":"","overlay-opacity":"","overlay-gradient":""}},"footnotes":""},"class_list":["post-3212","page","type-page","status-publish","hentry"],"_links":{"self":[{"href":"https:\/\/www.pierre-schon.lu\/lu\/wp-json\/wp\/v2\/pages\/3212","targetHints":{"allow":["GET"]}}],"collection":[{"href":"https:\/\/www.pierre-schon.lu\/lu\/wp-json\/wp\/v2\/pages"}],"about":[{"href":"https:\/\/www.pierre-schon.lu\/lu\/wp-json\/wp\/v2\/types\/page"}],"author":[{"embeddable":true,"href":"https:\/\/www.pierre-schon.lu\/lu\/wp-json\/wp\/v2\/users\/1"}],"replies":[{"embeddable":true,"href":"https:\/\/www.pierre-schon.lu\/lu\/wp-json\/wp\/v2\/comments?post=3212"}],"version-history":[{"count":3,"href":"https:\/\/www.pierre-schon.lu\/lu\/wp-json\/wp\/v2\/pages\/3212\/revisions"}],"predecessor-version":[{"id":3795,"href":"https:\/\/www.pierre-schon.lu\/lu\/wp-json\/wp\/v2\/pages\/3212\/revisions\/3795"}],"wp:attachment":[{"href":"https:\/\/www.pierre-schon.lu\/lu\/wp-json\/wp\/v2\/media?parent=3212"}],"curies":[{"name":"wp","href":"https:\/\/api.w.org\/{rel}","templated":true}]}}