{"id":2992,"date":"2025-04-11T14:55:45","date_gmt":"2025-04-11T12:55:45","guid":{"rendered":"https:\/\/www.pierre-schon.lu\/politique-de-confidentialite\/"},"modified":"2025-08-09T17:02:02","modified_gmt":"2025-08-09T15:02:02","slug":"politique-de-confidentialite","status":"publish","type":"page","link":"https:\/\/www.pierre-schon.lu\/fr\/politique-de-confidentialite\/","title":{"rendered":"Politique de confidentialit\u00e9"},"content":{"rendered":"\n<h1 class=\"wp-block-heading has-vivid-cyan-blue-color has-text-color has-link-color has-large-font-size wp-elements-d14ff2bfa1abb7a82a353dc28c3b8711\">Politique de confidentialit\u00e9<\/h1>\n\n<p>Ce site web est d\u00e9di\u00e9 \u00e0 la pr\u00e9servation de la m\u00e9moire et de l&rsquo;h\u00e9ritage de Pierre Schon et de la r\u00e9sistance luxembourgeoise et belge pendant la Seconde Guerre mondiale.<\/p>\n\n<p>Nous respectons votre vie priv\u00e9e et nous nous engageons \u00e0 prot\u00e9ger toutes les donn\u00e9es personnelles que vous pouvez partager avec nous.<\/p>\n\n<h3 class=\"wp-block-heading has-vivid-cyan-blue-color has-text-color has-link-color has-medium-font-size wp-elements-4ca8d9283280d11ed564a0df2b33a912\">1. Qui sommes-nous ?<\/h3>\n\n<p>L&rsquo;adresse de notre site web est la <a class=\"\" href=\"https:\/\/www.pierre-schon.lu\/fr\/\">suivante :<\/a> https:\/\/www.pierre-schon.lu<br\/>Ce site est g\u00e9r\u00e9 de mani\u00e8re priv\u00e9e \u00e0 des fins historiques et \u00e9ducatives uniquement.<\/p>\n\n<h3 class=\"wp-block-heading has-vivid-cyan-blue-color has-text-color has-link-color has-medium-font-size wp-elements-bd41a3306f921ce7678cf31da7061cbc\"><strong>2. Quelles sont les donn\u00e9es personnelles que nous collectons ?<\/strong><\/h3>\n\n<p>Nous pouvons collecter et stocker les donn\u00e9es suivantes lorsque vous utilisez ce site :<\/p>\n\n<ul class=\"wp-block-list\">\n<li>Nom et adresse \u00e9lectronique (si soumis via le formulaire de contact)<\/li>\n\n\n\n<li>Adresse IP et informations sur le navigateur (collect\u00e9es automatiquement par le biais des journaux du serveur)<\/li>\n<\/ul>\n\n<p>Nous <strong>ne<\/strong> partageons <strong>pas<\/strong> vos donn\u00e9es avec des tiers.<\/p>\n\n<h3 class=\"wp-block-heading has-vivid-cyan-blue-color has-text-color has-link-color has-medium-font-size wp-elements-d4b1bf0d8e064ee95c29303a26e1d7a2\"><strong>3. Pourquoi nous les collectons<\/strong><\/h3>\n\n<ul class=\"wp-block-list\">\n<li>Pour r\u00e9pondre \u00e0 vos demandes ou commentaires<\/li>\n\n\n\n<li>Am\u00e9liorer le site et comprendre l&rsquo;interaction avec les visiteurs<\/li>\n\n\n\n<li>Pour la s\u00e9curit\u00e9 et la fonctionnalit\u00e9 du site<\/li>\n<\/ul>\n\n<h3 class=\"wp-block-heading has-vivid-cyan-blue-color has-text-color has-link-color has-medium-font-size wp-elements-5c3e42538a79cbd13b5998e217f8f0ae\">4. Cookies<\/h3>\n\n<p>Ce site peut utiliser des cookies de base pour am\u00e9liorer votre exp\u00e9rience de navigation. Vous pouvez d\u00e9sactiver les cookies dans les param\u00e8tres de votre navigateur. <\/p>\n\n<p><\/p>\n","protected":false},"excerpt":{"rendered":"<p>Politique de confidentialit\u00e9 Ce site web est d\u00e9di\u00e9 \u00e0 la pr\u00e9servation de la m\u00e9moire et de l&rsquo;h\u00e9ritage de Pierre Schon [&hellip;]<\/p>\n","protected":false},"author":1,"featured_media":0,"parent":0,"menu_order":0,"comment_status":"closed","ping_status":"closed","template":"","meta":{"site-sidebar-layout":"default","site-content-layout":"","ast-site-content-layout":"","site-content-style":"default","site-sidebar-style":"default","ast-global-header-display":"","ast-banner-title-visibility":"","ast-main-header-display":"","ast-hfb-above-header-display":"","ast-hfb-below-header-display":"","ast-hfb-mobile-header-display":"","site-post-title":"disabled","ast-breadcrumbs-content":"","ast-featured-img":"","footer-sml-layout":"","ast-disable-related-posts":"","theme-transparent-header-meta":"","adv-header-id-meta":"","stick-header-meta":"","header-above-stick-meta":"","header-main-stick-meta":"","header-below-stick-meta":"","astra-migrate-meta-layouts":"default","ast-page-background-enabled":"default","ast-page-background-meta":{"desktop":{"background-color":"var(--ast-global-color-5)","background-image":"","background-repeat":"repeat","background-position":"center center","background-size":"auto","background-attachment":"scroll","background-type":"","background-media":"","overlay-type":"","overlay-color":"","overlay-opacity":"","overlay-gradient":""},"tablet":{"background-color":"","background-image":"","background-repeat":"repeat","background-position":"center center","background-size":"auto","background-attachment":"scroll","background-type":"","background-media":"","overlay-type":"","overlay-color":"","overlay-opacity":"","overlay-gradient":""},"mobile":{"background-color":"","background-image":"","background-repeat":"repeat","background-position":"center center","background-size":"auto","background-attachment":"scroll","background-type":"","background-media":"","overlay-type":"","overlay-color":"","overlay-opacity":"","overlay-gradient":""}},"ast-content-background-meta":{"desktop":{"background-color":"var(--ast-global-color-4)","background-image":"","background-repeat":"repeat","background-position":"center center","background-size":"auto","background-attachment":"scroll","background-type":"","background-media":"","overlay-type":"","overlay-color":"","overlay-opacity":"","overlay-gradient":""},"tablet":{"background-color":"var(--ast-global-color-4)","background-image":"","background-repeat":"repeat","background-position":"center center","background-size":"auto","background-attachment":"scroll","background-type":"","background-media":"","overlay-type":"","overlay-color":"","overlay-opacity":"","overlay-gradient":""},"mobile":{"background-color":"var(--ast-global-color-4)","background-image":"","background-repeat":"repeat","background-position":"center center","background-size":"auto","background-attachment":"scroll","background-type":"","background-media":"","overlay-type":"","overlay-color":"","overlay-opacity":"","overlay-gradient":""}},"footnotes":""},"class_list":["post-2992","page","type-page","status-publish","hentry"],"_links":{"self":[{"href":"https:\/\/www.pierre-schon.lu\/fr\/wp-json\/wp\/v2\/pages\/2992","targetHints":{"allow":["GET"]}}],"collection":[{"href":"https:\/\/www.pierre-schon.lu\/fr\/wp-json\/wp\/v2\/pages"}],"about":[{"href":"https:\/\/www.pierre-schon.lu\/fr\/wp-json\/wp\/v2\/types\/page"}],"author":[{"embeddable":true,"href":"https:\/\/www.pierre-schon.lu\/fr\/wp-json\/wp\/v2\/users\/1"}],"replies":[{"embeddable":true,"href":"https:\/\/www.pierre-schon.lu\/fr\/wp-json\/wp\/v2\/comments?post=2992"}],"version-history":[{"count":1,"href":"https:\/\/www.pierre-schon.lu\/fr\/wp-json\/wp\/v2\/pages\/2992\/revisions"}],"predecessor-version":[{"id":2993,"href":"https:\/\/www.pierre-schon.lu\/fr\/wp-json\/wp\/v2\/pages\/2992\/revisions\/2993"}],"wp:attachment":[{"href":"https:\/\/www.pierre-schon.lu\/fr\/wp-json\/wp\/v2\/media?parent=2992"}],"curies":[{"name":"wp","href":"https:\/\/api.w.org\/{rel}","templated":true}]}}