{"id":4420,"date":"2025-04-11T14:55:45","date_gmt":"2025-04-11T12:55:45","guid":{"rendered":"https:\/\/www.pierre-schon.lu\/datenschutzerklaerung\/"},"modified":"2025-11-24T15:09:10","modified_gmt":"2025-11-24T14:09:10","slug":"datenschutzerklaerung","status":"publish","type":"page","link":"https:\/\/www.pierre-schon.lu\/de\/datenschutzerklaerung\/","title":{"rendered":"Datenschutzerkl\u00e4rung<br data-mce-bogus=\"1\">"},"content":{"rendered":"\n<h1 class=\"wp-block-heading has-vivid-cyan-blue-color has-text-color has-link-color has-large-font-size wp-elements-226564de40fd2dc2f58fffdfea3f75f7\">Datenschutzerkl\u00e4rung<br data-mce-bogus=\"1\"\/><\/h1>\n\n<p>Diese Website ist der Bewahrung der Erinnerung und des Verm\u00e4chtnisses von Pierre Schon sowie des luxemburgischen und belgischen Widerstands w\u00e4hrend des Zweiten Weltkriegs gewidmet.<\/p>\n\n<p>Wir respektieren Ihre Privatsph\u00e4re und verpflichten uns, alle pers\u00f6nlichen Daten, die Sie uns mitteilen, zu sch\u00fctzen.<\/p>\n\n<h3 class=\"wp-block-heading has-vivid-cyan-blue-color has-text-color has-link-color has-medium-font-size wp-elements-33bc605de3d62889c39a9439c968f887\">1. Wer wir sind<br data-mce-bogus=\"1\"\/><\/h3>\n\n<p>Unsere Website-Adresse lautet: <a class=\"\" href=\"https:\/\/www.pierre-schon.lu\/de\/\">https:\/\/www.pierre-schon.lu.<\/a> Diese Seite wird privat betrieben und dient ausschlie\u00dflich historischen und p\u00e4dagogischen Zwecken.<\/p>\n\n<h3 class=\"wp-block-heading has-vivid-cyan-blue-color has-text-color has-link-color has-medium-font-size wp-elements-eb86fa9f36a3d927c338ddae33fec03c\"><strong>2. Welche personenbezogenen Daten wir erfassen<\/strong><\/h3>\n\n<p>Wir k\u00f6nnen die folgenden Daten erfassen und speichern, wenn Sie diese Website nutzen:<\/p>\n\n<ul class=\"wp-block-list\">\n<li>Name und E-Mail-Adresse (falls \u00fcber das Kontaktformular \u00fcbermittelt)<\/li>\n\n\n\n<li>IP-Adresse und Browserinformationen (automatisch \u00fcber Serverprotokolle erfasst)<\/li>\n<\/ul>\n\n<p>Wir geben Ihre Daten <strong>nicht<\/strong> an Dritte weiter.<\/p>\n\n<h3 class=\"wp-block-heading has-vivid-cyan-blue-color has-text-color has-link-color has-medium-font-size wp-elements-1b64c0e3f716e4ff4275440b10e7f0d2\"><strong>3. Warum wir diese Daten erfassen<\/strong><\/h3>\n\n<ul class=\"wp-block-list\">\n<li>Um auf Ihre Anfragen oder Kommentare zu antworten<\/li>\n\n\n\n<li>Um die Website zu verbessern und das Besucherverhalten zu verstehen<\/li>\n\n\n\n<li>F\u00fcr Sicherheit und Funktionalit\u00e4t der Website<\/li>\n<\/ul>\n\n<h3 class=\"wp-block-heading has-vivid-cyan-blue-color has-text-color has-link-color has-medium-font-size wp-elements-07d3059009d0b2e9bf937571681b5365\">4. Cookies<br\/><\/h3>\n\n<p>Diese Website kann grundlegende Cookies verwenden, um Ihr Surferlebnis zu verbessern. Sie k\u00f6nnen Cookies in den Einstellungen Ihres Browsers deaktivieren. <\/p>\n\n<p><\/p>\n","protected":false},"excerpt":{"rendered":"<p>Datenschutzerkl\u00e4rung Diese Website ist der Bewahrung der Erinnerung und des Verm\u00e4chtnisses von Pierre Schon sowie des luxemburgischen und belgischen Widerstands [&hellip;]<\/p>\n","protected":false},"author":1,"featured_media":0,"parent":0,"menu_order":0,"comment_status":"closed","ping_status":"closed","template":"","meta":{"site-sidebar-layout":"default","site-content-layout":"","ast-site-content-layout":"","site-content-style":"default","site-sidebar-style":"default","ast-global-header-display":"","ast-banner-title-visibility":"","ast-main-header-display":"","ast-hfb-above-header-display":"","ast-hfb-below-header-display":"","ast-hfb-mobile-header-display":"","site-post-title":"disabled","ast-breadcrumbs-content":"","ast-featured-img":"","footer-sml-layout":"","ast-disable-related-posts":"","theme-transparent-header-meta":"","adv-header-id-meta":"","stick-header-meta":"","header-above-stick-meta":"","header-main-stick-meta":"","header-below-stick-meta":"","astra-migrate-meta-layouts":"default","ast-page-background-enabled":"default","ast-page-background-meta":{"desktop":{"background-color":"var(--ast-global-color-5)","background-image":"","background-repeat":"repeat","background-position":"center center","background-size":"auto","background-attachment":"scroll","background-type":"","background-media":"","overlay-type":"","overlay-color":"","overlay-opacity":"","overlay-gradient":""},"tablet":{"background-color":"","background-image":"","background-repeat":"repeat","background-position":"center center","background-size":"auto","background-attachment":"scroll","background-type":"","background-media":"","overlay-type":"","overlay-color":"","overlay-opacity":"","overlay-gradient":""},"mobile":{"background-color":"","background-image":"","background-repeat":"repeat","background-position":"center center","background-size":"auto","background-attachment":"scroll","background-type":"","background-media":"","overlay-type":"","overlay-color":"","overlay-opacity":"","overlay-gradient":""}},"ast-content-background-meta":{"desktop":{"background-color":"var(--ast-global-color-4)","background-image":"","background-repeat":"repeat","background-position":"center center","background-size":"auto","background-attachment":"scroll","background-type":"","background-media":"","overlay-type":"","overlay-color":"","overlay-opacity":"","overlay-gradient":""},"tablet":{"background-color":"var(--ast-global-color-4)","background-image":"","background-repeat":"repeat","background-position":"center center","background-size":"auto","background-attachment":"scroll","background-type":"","background-media":"","overlay-type":"","overlay-color":"","overlay-opacity":"","overlay-gradient":""},"mobile":{"background-color":"var(--ast-global-color-4)","background-image":"","background-repeat":"repeat","background-position":"center center","background-size":"auto","background-attachment":"scroll","background-type":"","background-media":"","overlay-type":"","overlay-color":"","overlay-opacity":"","overlay-gradient":""}},"footnotes":""},"class_list":["post-4420","page","type-page","status-publish","hentry"],"_links":{"self":[{"href":"https:\/\/www.pierre-schon.lu\/de\/wp-json\/wp\/v2\/pages\/4420","targetHints":{"allow":["GET"]}}],"collection":[{"href":"https:\/\/www.pierre-schon.lu\/de\/wp-json\/wp\/v2\/pages"}],"about":[{"href":"https:\/\/www.pierre-schon.lu\/de\/wp-json\/wp\/v2\/types\/page"}],"author":[{"embeddable":true,"href":"https:\/\/www.pierre-schon.lu\/de\/wp-json\/wp\/v2\/users\/1"}],"replies":[{"embeddable":true,"href":"https:\/\/www.pierre-schon.lu\/de\/wp-json\/wp\/v2\/comments?post=4420"}],"version-history":[{"count":1,"href":"https:\/\/www.pierre-schon.lu\/de\/wp-json\/wp\/v2\/pages\/4420\/revisions"}],"predecessor-version":[{"id":4421,"href":"https:\/\/www.pierre-schon.lu\/de\/wp-json\/wp\/v2\/pages\/4420\/revisions\/4421"}],"wp:attachment":[{"href":"https:\/\/www.pierre-schon.lu\/de\/wp-json\/wp\/v2\/media?parent=4420"}],"curies":[{"name":"wp","href":"https:\/\/api.w.org\/{rel}","templated":true}]}}